{"id":33,"date":"2018-03-26T15:11:51","date_gmt":"2018-03-26T15:11:51","guid":{"rendered":"http:\/\/l\u00f6sungsr\u00e4umeimnorden.de\/?page_id=33"},"modified":"2018-08-31T15:45:21","modified_gmt":"2018-08-31T15:45:21","slug":"coaching","status":"publish","type":"page","link":"https:\/\/xn--lsungsrumeimnorden-rtb76a.de\/index.php\/coaching","title":{"rendered":"Coaching"},"content":{"rendered":"<p>Systemisches Coaching ist eine zielorientierte Prozessberatung zur Bearbeitung und Bew\u00e4ltigung von Fragestellungen beruflicher und pers\u00f6nlicher Anliegen. Es ist ressourcen- und l\u00f6sungsorientiert auf Ihre Ziele ausgerichtet und unterst\u00fctzt Sie darin, eine Haltung zu Ihren Herausforderungen zu finden und neue Handlungsoptionen zu entwickeln.<\/p>\n<h4>Sie m\u00f6chten &#8230;<\/h4>\n<ul>\n<li>Ihre Fragen der Lebens- und Berufsplanung kl\u00e4ren.<\/li>\n<li>eine Klarheit bei Ver\u00e4nderungsprozessen und einer Neuorientierung.<\/li>\n<li>sich auf neue Aufgaben und\/ oder komplexe Situationen vorbereiten.<\/li>\n<li>eine pers\u00f6nliche Standortbestimmung f\u00fcr eine Karriereplanung.<\/li>\n<li>Fragen, die in der beruflichen Arbeit entstehen, analysieren und reflektieren.<\/li>\n<li>eigene Kompetenzen und Handlungsm\u00f6glichkeiten erweitern.<\/li>\n<li>Ihre Mitarbeiter gut f\u00fchren und motivieren.<\/li>\n<li>schwierige Situationen zwischen Mitarbeitern, Kollegen oder Vorgesetzten l\u00f6sen.<\/li>\n<li>personale Kompetenzen (Rollenklarheit, Integrit\u00e4t \u2026) entwickeln.<\/li>\n<li>sich auf ein schwieriges Gespr\u00e4ch vorbereiten?<\/li>\n<li>Ihr Berufs- und Privatleben in der Balance halten.<\/li>\n<li>Ihren Beruf und die Kindererziehung gut miteinander vereinbaren.<\/li>\n<li>Ihr Privatleben im Sinne eines Selbstmanagements gut organisieren.<\/li>\n<li>&#8230;<\/li>\n<\/ul>\n","protected":false},"excerpt":{"rendered":"<p>Systemisches Coaching ist eine zielorientierte Prozessberatung zur Bearbeitung und Bew\u00e4ltigung von Fragestellungen beruflicher und pers\u00f6nlicher Anliegen. Es ist ressourcen- und l\u00f6sungsorientiert auf Ihre Ziele ausgerichtet und unterst\u00fctzt Sie darin, eine Haltung zu Ihren Herausforderungen zu finden und neue Handlungsoptionen zu<\/p>\n","protected":false},"author":1,"featured_media":0,"parent":0,"menu_order":0,"comment_status":"closed","ping_status":"closed","template":"","meta":{"footnotes":""},"class_list":["post-33","page","type-page","status-publish","hentry"],"_links":{"self":[{"href":"https:\/\/xn--lsungsrumeimnorden-rtb76a.de\/index.php\/wp-json\/wp\/v2\/pages\/33","targetHints":{"allow":["GET"]}}],"collection":[{"href":"https:\/\/xn--lsungsrumeimnorden-rtb76a.de\/index.php\/wp-json\/wp\/v2\/pages"}],"about":[{"href":"https:\/\/xn--lsungsrumeimnorden-rtb76a.de\/index.php\/wp-json\/wp\/v2\/types\/page"}],"author":[{"embeddable":true,"href":"https:\/\/xn--lsungsrumeimnorden-rtb76a.de\/index.php\/wp-json\/wp\/v2\/users\/1"}],"replies":[{"embeddable":true,"href":"https:\/\/xn--lsungsrumeimnorden-rtb76a.de\/index.php\/wp-json\/wp\/v2\/comments?post=33"}],"version-history":[{"count":8,"href":"https:\/\/xn--lsungsrumeimnorden-rtb76a.de\/index.php\/wp-json\/wp\/v2\/pages\/33\/revisions"}],"predecessor-version":[{"id":533,"href":"https:\/\/xn--lsungsrumeimnorden-rtb76a.de\/index.php\/wp-json\/wp\/v2\/pages\/33\/revisions\/533"}],"wp:attachment":[{"href":"https:\/\/xn--lsungsrumeimnorden-rtb76a.de\/index.php\/wp-json\/wp\/v2\/media?parent=33"}],"curies":[{"name":"wp","href":"https:\/\/api.w.org\/{rel}","templated":true}]}}