{"id":52,"date":"2018-03-26T15:48:22","date_gmt":"2018-03-26T15:48:22","guid":{"rendered":"http:\/\/l\u00f6sungsr\u00e4umeimnorden.de\/?page_id=52"},"modified":"2026-02-02T17:12:44","modified_gmt":"2026-02-02T17:12:44","slug":"referenzen","status":"publish","type":"page","link":"https:\/\/xn--lsungsrumeimnorden-rtb76a.de\/index.php\/referenzen","title":{"rendered":"Referenzen"},"content":{"rendered":"<p>Als Supervisorin bin oder war ich f\u00fcr folgende Organisationen t\u00e4tig:<\/p>\n<ul>\n<li>IFI Kinderheim Leer gGmbH<\/li>\n<li>AWO Bezirksverband Weser-Ems e.V.<\/li>\n<li>Infamilia GmbH &#8211; Erziehungsstellen<\/li>\n<li>Lebenskreis Libelle e.V., M\u00fcnster<\/li>\n<li>Ev.-luth. Kindertagesst\u00e4ttenverband Emden-Leer-Rhauderfehn<\/li>\n<li>Hansa Seniorenzentren GmbH, Pflege- und Betreuungszentrum <span class=\"cmp_parsed_location\" data-cmp_parsed_location_name=\"Dornum\" data-cmp_parsed_location_weather=\"K03452027\" data-cmp_parsed_location_other=\"0\" data-ce-class=\"Locations\">Dornum<\/span><\/li>\n<li>Religionsp\u00e4dagogisches Institut Loccum<\/li>\n<li>Leinerstift Erziehungsstellen, Kinder-, Jugend- und Familienhilfe gGmbH, Gro\u00dfefehn<\/li>\n<li>Br\u00fcggenest GmbH, Westerstede<\/li>\n<\/ul>\n\n\n<p><\/p>\n","protected":false},"excerpt":{"rendered":"<p>Als Supervisorin bin oder war ich f\u00fcr folgende Organisationen t\u00e4tig: IFI Kinderheim Leer gGmbH AWO Bezirksverband Weser-Ems e.V. Infamilia GmbH &#8211; Erziehungsstellen Lebenskreis Libelle e.V., M\u00fcnster Ev.-luth. Kindertagesst\u00e4ttenverband Emden-Leer-Rhauderfehn Hansa Seniorenzentren GmbH, Pflege- und Betreuungszentrum Dornum Religionsp\u00e4dagogisches Institut Loccum Leinerstift<\/p>\n","protected":false},"author":1,"featured_media":0,"parent":0,"menu_order":0,"comment_status":"closed","ping_status":"closed","template":"","meta":{"footnotes":""},"class_list":["post-52","page","type-page","status-publish","hentry"],"_links":{"self":[{"href":"https:\/\/xn--lsungsrumeimnorden-rtb76a.de\/index.php\/wp-json\/wp\/v2\/pages\/52","targetHints":{"allow":["GET"]}}],"collection":[{"href":"https:\/\/xn--lsungsrumeimnorden-rtb76a.de\/index.php\/wp-json\/wp\/v2\/pages"}],"about":[{"href":"https:\/\/xn--lsungsrumeimnorden-rtb76a.de\/index.php\/wp-json\/wp\/v2\/types\/page"}],"author":[{"embeddable":true,"href":"https:\/\/xn--lsungsrumeimnorden-rtb76a.de\/index.php\/wp-json\/wp\/v2\/users\/1"}],"replies":[{"embeddable":true,"href":"https:\/\/xn--lsungsrumeimnorden-rtb76a.de\/index.php\/wp-json\/wp\/v2\/comments?post=52"}],"version-history":[{"count":27,"href":"https:\/\/xn--lsungsrumeimnorden-rtb76a.de\/index.php\/wp-json\/wp\/v2\/pages\/52\/revisions"}],"predecessor-version":[{"id":728,"href":"https:\/\/xn--lsungsrumeimnorden-rtb76a.de\/index.php\/wp-json\/wp\/v2\/pages\/52\/revisions\/728"}],"wp:attachment":[{"href":"https:\/\/xn--lsungsrumeimnorden-rtb76a.de\/index.php\/wp-json\/wp\/v2\/media?parent=52"}],"curies":[{"name":"wp","href":"https:\/\/api.w.org\/{rel}","templated":true}]}}